{"id":3,"date":"2020-12-07T11:05:46","date_gmt":"2020-12-07T10:05:46","guid":{"rendered":"https:\/\/rjelec22.com\/?page_id=3"},"modified":"2021-01-20T18:50:06","modified_gmt":"2021-01-20T17:50:06","slug":"politique-de-confidentialite","status":"publish","type":"page","link":"https:\/\/rjelec22.com\/?page_id=3","title":{"rendered":"Mentions l\u00e9gales et politique de confidentialit\u00e9"},"content":{"rendered":"\t\t<div data-elementor-type=\"wp-page\" data-elementor-id=\"3\" class=\"elementor elementor-3\" data-elementor-settings=\"[]\">\n\t\t\t\t\t\t<div class=\"elementor-inner\">\n\t\t\t\t\t\t\t<div class=\"elementor-section-wrap\">\n\t\t\t\t\t\t\t<section class=\"elementor-section elementor-top-section elementor-element elementor-element-6dcdba5a elementor-section-boxed elementor-section-height-default elementor-section-height-default\" data-id=\"6dcdba5a\" data-element_type=\"section\">\n\t\t\t\t\t\t<div class=\"elementor-container elementor-column-gap-default\">\n\t\t\t\t\t\t\t<div class=\"elementor-row\">\n\t\t\t\t\t<div class=\"elementor-column elementor-col-100 elementor-top-column elementor-element elementor-element-458a36e9\" data-id=\"458a36e9\" data-element_type=\"column\">\n\t\t\t<div class=\"elementor-column-wrap elementor-element-populated\">\n\t\t\t\t\t\t\t<div class=\"elementor-widget-wrap\">\n\t\t\t\t\t\t<div class=\"elementor-element elementor-element-d438b04 elementor-widget elementor-widget-text-editor\" data-id=\"d438b04\" data-element_type=\"widget\" data-widget_type=\"text-editor.default\">\n\t\t\t\t<div class=\"elementor-widget-container\">\n\t\t\t\t\t\t\t\t<div class=\"elementor-text-editor elementor-clearfix\">\n\t\t\t\t<h1>1 &#8211; \u00c9dition du site<\/h1>\n<p>En vertu de&nbsp;<a href=\"https:\/\/www.legifrance.gouv.fr\/affichTexte.do?cidTexte=JORFTEXT000000801164#LEGIARTI000042038977\">l&rsquo;article 6 de la loi n\u00b0 2004-575 du 21 juin 2004<\/a>&nbsp;pour la confiance dans l&rsquo;\u00e9conomie num\u00e9rique, il est pr\u00e9cis\u00e9 aux utilisateurs du site internet&nbsp;<a href=\"https:\/\/rjelec22.com\/\">https:\/\/rjelec22.com<\/a>&nbsp;l&rsquo;identit\u00e9 des diff\u00e9rents intervenants dans le cadre de sa r\u00e9alisation et de son suivi:<\/p>\n<p><b>Propri\u00e9taire du site :&nbsp;<\/b>Jimmy Resche &#8211; RJ ELEC &#8211; Contact : rj.elec22@gmail.com 0616182916 &#8211; Adresse : 7 rue du Doctor Laennec, 22700 Perros-Guirec.<\/p>\n<p><b>Identification de l&rsquo;entreprise :<\/b>&nbsp;IE Jimmy Resche &#8211; RJ ELEC au capital social de \u20ac &#8211; SIREN : 81794331900027 &#8211; RCS ou RM : &#8211; Adresse postale : 7 rue du Doctor Laennec, 22700 Perros-Guirec. https:\/\/rjelec22.com\/politique-de-confidentialite\/<\/p>\n<p><b>Directeur de la publication :&nbsp;<\/b>Jimmy Resche &#8211; Contact : rj.elec22@gmail.com.<\/p>\n<p><b>H\u00e9bergeur :<\/b>&nbsp;Gandi &#8211; 63-65 Boulevard Mass\u00e9na, 75013 Paris &#8211; T\u00e9l\u00e9phone : 01.70.37.76.61<\/p>\n<p>D\u00e9l\u00e9gu\u00e9 \u00e0 la protection des donn\u00e9es :&nbsp;Jimmy Reschce &#8211; rj.elec22@gmail.com<\/p>\n<p><b>Autres contributeurs :<\/b>&nbsp;B\u00e9renger Cyne &#8211; BeCyne &#8211; <a href=\"https:\/\/becyne.com\">https:\/\/becyne.com<\/a><\/p>\n<h1>2 &#8211; Propri\u00e9t\u00e9 intellectuelle et contrefa\u00e7ons<\/h1>\n<p><b>Jimmy Resche &#8211; RJ ELEC<\/b>&nbsp;est propri\u00e9taire des droits de propri\u00e9t\u00e9 intellectuelle et d\u00e9tient les droits d\u2019usage sur tous les \u00e9l\u00e9ments accessibles sur le site internet, notamment les textes, images, graphismes, logos, vid\u00e9os, architecture, ic\u00f4nes et sons.<\/p>\n<p>Toute reproduction, repr\u00e9sentation, modification, publication, adaptation de tout ou partie des \u00e9l\u00e9ments du site, quel que soit le moyen ou le proc\u00e9d\u00e9 utilis\u00e9, est interdite, sauf autorisation \u00e9crite pr\u00e9alable de&nbsp;<b>Jimmy Resche &#8211; RJ ELEC<\/b>.<\/p>\n<p>Toute exploitation non autoris\u00e9e du site ou de l\u2019un quelconque des \u00e9l\u00e9ments qu\u2019il contient sera consid\u00e9r\u00e9e comme constitutive d\u2019une contrefa\u00e7on et poursuivie conform\u00e9ment aux dispositions des articles&nbsp;<a href=\"https:\/\/www.legifrance.gouv.fr\/affichCodeArticle.do?idArticle=LEGIARTI000032655082&amp;cidTexte=LEGITEXT000006069414&amp;dateTexte=20160605\">L.335-2 et suivants du Code de Propri\u00e9t\u00e9 Intellectuelle<\/a>.<\/p>\n<h1>3 &#8211; Limitations de responsabilit\u00e9<\/h1>\n<p><b>Jimmy Resche &#8211; RJ ELEC<\/b>&nbsp;ne pourra \u00eatre tenu pour responsable des dommages directs et indirects caus\u00e9s au mat\u00e9riel de l\u2019utilisateur, lors de l\u2019acc\u00e8s au site&nbsp;<a href=\"https:\/\/rjelec22.com\/\">https:\/\/rjelec22.com<\/a>.<\/p>\n<p><b>Jimmy Resche &#8211; RJ ELEC<\/b>&nbsp;d\u00e9cline toute responsabilit\u00e9 quant \u00e0 l\u2019utilisation qui pourrait \u00eatre faite des informations et contenus pr\u00e9sents sur&nbsp;<a href=\"https:\/\/rjelec22.com\/\">https:\/\/rjelec22.com<\/a>.<\/p>\n<p><b>Jimmy Resche &#8211; RJ ELEC<\/b>&nbsp;s\u2019engage \u00e0 s\u00e9curiser au mieux le site&nbsp;<a href=\"https:\/\/rjelec22.com\/\">https:\/\/rjelec22.com<\/a>, cependant sa responsabilit\u00e9 ne pourra \u00eatre mise en cause si des donn\u00e9es ind\u00e9sirables sont import\u00e9es et install\u00e9es sur son site \u00e0 son insu.<\/p>\n<p>Des espaces interactifs (espace contact ou commentaires) sont \u00e0 la disposition des utilisateurs.&nbsp;<b>Jimmy Resche &#8211; RJ ELEC<\/b>&nbsp;se r\u00e9serve le droit de supprimer, sans mise en demeure pr\u00e9alable, tout contenu d\u00e9pos\u00e9 dans cet espace qui contreviendrait \u00e0 la l\u00e9gislation applicable en France, en particulier aux dispositions relatives \u00e0 la protection des donn\u00e9es.<\/p>\n<p>Le cas \u00e9ch\u00e9ant,&nbsp;<b>Jimmy Resche &#8211; RJ ELEC<\/b>&nbsp;se r\u00e9serve \u00e9galement la possibilit\u00e9 de mettre en cause la responsabilit\u00e9 civile et\/ou p\u00e9nale de l\u2019utilisateur, notamment en cas de message \u00e0 caract\u00e8re raciste, injurieux, diffamant, ou pornographique, quel que soit le support utilis\u00e9 (texte, photographie \u2026).<\/p>\n<h1>4 &#8211; CNIL et gestion des donn\u00e9es personnelles<\/h1>\n<p>Conform\u00e9ment aux dispositions de&nbsp;<a href=\"https:\/\/www.legifrance.gouv.fr\/affichTexte.do?cidTexte=JORFTEXT000000886460\">la loi 78-17 du 6 janvier 1978 modifi\u00e9e<\/a>, l\u2019utilisateur du site&nbsp;<a href=\"https:\/\/rjelec22.com\/\">https:\/\/rjelec22.com<\/a>&nbsp;dispose d\u2019un droit d\u2019acc\u00e8s, de modification et de suppression des informations collect\u00e9es. Pour exercer ce droit, envoyez un message \u00e0 notre D\u00e9l\u00e9gu\u00e9 \u00e0 la Protection des Donn\u00e9es : <b>Jimmy Resche&nbsp;<\/b>&#8211; rj.elec22@gmail.com.<\/p>\n<p>Il est \u00e9galement possible de&nbsp;<a href=\"https:\/\/www.cnil.fr\/fr\/plaintes\">d\u00e9poser une r\u00e9clamation aupr\u00e8s de la CNIL<\/a>.<\/p>\n<h1>5 &#8211; Liens hypertextes et cookies<\/h1>\n<p>Le site&nbsp;<a href=\"http:\/\/https\/\/rjelec22.com\">https:\/\/rjelec22.com<\/a>&nbsp;contient des liens hypertextes vers d\u2019autres sites et d\u00e9gage toute responsabilit\u00e9 \u00e0 propos de ces liens externes ou des liens cr\u00e9\u00e9s par d\u2019autres sites vers&nbsp;<a href=\"http:\/\/https\/\/rjelec22.com\">https:\/\/rjelec22.com<\/a>.<\/p>\n<p>La navigation sur le site&nbsp;<a href=\"https:\/\/rjelec22.com\/\">https:\/\/rjelec22.com<\/a>&nbsp;est susceptible de provoquer l\u2019installation de cookie(s) sur l\u2019ordinateur de l\u2019utilisateur.<\/p>\n<p>Un \u00ab\u00a0cookie\u00a0\u00bb est un fichier de petite taille qui enregistre des informations relatives \u00e0 la navigation d\u2019un utilisateur sur un site. Les donn\u00e9es ainsi obtenues permettent d&rsquo;obtenir des mesures de fr\u00e9quentation, par exemple.<\/p>\n<p>Vous avez la possibilit\u00e9&nbsp;<b>d\u2019accepter ou de refuser les cookies<\/b>&nbsp;en modifiant les param\u00e8tres de votre navigateur. Aucun cookie ne sera d\u00e9pos\u00e9 sans votre consentement.<\/p>\n<p>Les cookies sont enregistr\u00e9s pour une dur\u00e9e maximale de 3 ans.<\/p>\n<p><\/p>\n<p><span style=\"color: #000000; font-family: Muli; font-size: 40px;\">6 &#8211; Droit applicable et attribution de juridiction<\/span><\/p>\n<p>Tout litige en relation avec l\u2019utilisation du site&nbsp;<a href=\"https:\/\/rjelec22.com\/\">https:\/\/rjelec22.com<\/a>&nbsp;est soumis au droit fran\u00e7ais. En dehors des cas o\u00f9 la loi ne le permet pas, il est fait attribution exclusive de juridiction aux tribunaux comp\u00e9tents de&nbsp;<b>Rennes<\/b>.<\/p>\n<h1>7 &#8211; Utilisation des donn\u00e9es personnelles collect\u00e9es<\/h1>\n<h2>Commentaires<\/h2>\n<p>Quand vous laissez un commentaire sur notre site web, les donn\u00e9es inscrites dans le formulaire de commentaire, mais aussi votre adresse IP et l\u2019agent utilisateur de votre navigateur sont collect\u00e9s pour nous aider \u00e0 la d\u00e9tection des commentaires ind\u00e9sirables.<\/p>\n<h2>M\u00e9dias<\/h2>\n<p>Si vous \u00eates un utilisateur ou une utilisatrice enregistr\u00e9\u00b7e et que vous t\u00e9l\u00e9versez des images sur le site web, nous vous conseillons d\u2019\u00e9viter de t\u00e9l\u00e9verser des images contenant des donn\u00e9es EXIF de coordonn\u00e9es GPS. Les visiteurs de votre site web peuvent t\u00e9l\u00e9charger et extraire des donn\u00e9es de localisation depuis ces images.<\/p>\n<h1>8 &#8211; Formulaires de contact<\/h1>\n<h2>Cookies<\/h2>\n<p>Si vous d\u00e9posez un commentaire sur notre site, il vous sera propos\u00e9 d\u2019enregistrer votre nom, adresse de messagerie et site web dans des cookies. C\u2019est uniquement pour votre confort afin de ne pas avoir \u00e0 saisir ces informations si vous d\u00e9posez un autre commentaire plus tard. Ces cookies expirent au bout d\u2019un an.<\/p>\n<p>Si vous vous rendez sur la page de connexion, un cookie temporaire sera cr\u00e9\u00e9 afin de d\u00e9terminer si votre navigateur accepte les cookies. Il ne contient pas de donn\u00e9es personnelles et sera supprim\u00e9 automatiquement \u00e0 la fermeture de votre navigateur.<\/p>\n<p>Lorsque vous vous connecterez, nous mettrons en place un certain nombre de cookies pour enregistrer vos informations de connexion et vos pr\u00e9f\u00e9rences d\u2019\u00e9cran. La dur\u00e9e de vie d\u2019un cookie de connexion est de deux jours, celle d\u2019un cookie d\u2019option d\u2019\u00e9cran est d\u2019un an. Si vous cochez \u00ab&nbsp;Se souvenir de moi&nbsp;\u00bb, votre cookie de connexion sera conserv\u00e9 pendant deux semaines. Si vous vous d\u00e9connectez de votre compte, le cookie de connexion sera effac\u00e9.<\/p>\n<p>En modifiant ou en publiant une publication, un cookie suppl\u00e9mentaire sera enregistr\u00e9 dans votre navigateur. Ce cookie ne comprend aucune donn\u00e9e personnelle. Il indique simplement l\u2019ID de la publication que vous venez de modifier. Il expire au bout d\u2019un jour.<\/p>\n<h2>Google Analytics<\/h2>\n<p>Google Analytics est utilis\u00e9 pour analyser les statistiques du site et les donn\u00e9es d\u00e9mographiques, centres d\u2019int\u00e9r\u00eat et comportement des utilisateurs sur notre site. Nous utilisons \u00e9galement l\u2019outil Search Console de Google pour nous aider \u00e0 comprendre la mani\u00e8re dont les visiteurs de notre site trouvent notre site et am\u00e9liorer l\u2019optimisation de notre strat\u00e9gie de r\u00e9f\u00e9rencement. Pour plus d\u2019information quant \u00e0 la mani\u00e8re dont cette information d\u2019analyse peut \u00eatre utilis\u00e9e, la mani\u00e8re de contr\u00f4ler l\u2019utilisation de vos donn\u00e9es et la mani\u00e8re de renoncer \u00e0 l\u2019utilisation de vos donn\u00e9es par Google Analytics, rendez-vous sur&nbsp;<a href=\"https:\/\/tools.google.com\/dlpage\/gaoptout?hl=fr\"><span style=\"color: #022795;\">cette page<\/span><\/a><\/p>\n<p>Vous pouvez accepter ou refuser les cookies. La plupart des navigateurs web acceptent automatiquement les cookies, mais vous pouvez g\u00e9n\u00e9ralement modifier le param\u00e9trage de votre navigateur afin de leur refuser l\u2019acc\u00e8s \u00e0 votre ordinateur si telle est votre pr\u00e9f\u00e9rence. Si vous choisissez de refuser les cookies, il se peut que les fonctions interactives de nos services ou de notre site que vous consultez s&rsquo;en trouvent affect\u00e9es.<\/p>\n<p>Si vous \u00eates r\u00e9sidant europ\u00e9en, ou si vous r\u00e9sidez dans une autre juridiction qui requiert que nous obtenions votre consentement pour utiliser des cookies sur notre site, votre accord vous sera demand\u00e9 ; \u00e0 l\u2019exception de l\u2019utilisation de certains cookies requis pour le fonctionnement fondamental de notre site et pour lesquels vous n\u2019avez pas la possibilit\u00e9 de d\u00e9cider de d\u00e9sactiver ces cookies.<\/p>\n<p>Certains services sur notre site offrent aux particuliers la possibilit\u00e9 d&rsquo;afficher publiquement certaines informations personnelles, par exemple pour un de nos partenaires qui souhaite publier ses informations de contact dans le cadre des services qu&rsquo;il propose. La participation \u00e0 de tels services est toujours facultative.<\/p>\n<h2>Contenu embarqu\u00e9 depuis d\u2019autres sites<\/h2>\n<p>Les articles de ce site peuvent inclure des contenus int\u00e9gr\u00e9s (par exemple des vid\u00e9os, images, articles\u2026). Le contenu int\u00e9gr\u00e9 depuis d\u2019autres sites se comporte de la m\u00eame mani\u00e8re que si le visiteur se rendait sur cet autre site.<\/p>\n<p>Ces sites web pourraient collecter des donn\u00e9es sur vous, utiliser des cookies, embarquer des outils de suivis tiers, suivre vos interactions avec ces contenus embarqu\u00e9s si vous disposez d\u2019un compte connect\u00e9 sur leur site web.<\/p>\n<h1>9 &#8211; Utilisation et transmission de vos donn\u00e9es personnelles<\/h1>\n<h2>Dur\u00e9es de stockage de vos donn\u00e9es<\/h2>\n<p>Si vous laissez un commentaire, le commentaire et ses m\u00e9tadonn\u00e9es sont conserv\u00e9s ind\u00e9finiment. Cela permet de reconna\u00eetre et approuver automatiquement les commentaires suivants au lieu de les laisser dans la file de mod\u00e9ration.<\/p>\n<p>Pour les utilisateurs et utilisatrices qui s\u2019inscrivent sur notre site (si cela est possible), nous stockons \u00e9galement les donn\u00e9es personnelles indiqu\u00e9es dans leur profil. Tous les utilisateurs et utilisatrices peuvent voir, modifier ou supprimer leurs informations personnelles \u00e0 tout moment (\u00e0 l\u2019exception de leur nom d\u2019utilisateur\u00b7ice). Les gestionnaires du site peuvent aussi voir et modifier ces informations.<\/p>\n<h1>10 &#8211; Les droits que vous avez sur vos donn\u00e9es<\/h1>\n<p>Si vous avez un compte ou si vous avez laiss\u00e9 des commentaires sur le site, vous pouvez demander \u00e0 recevoir un fichier contenant toutes les donn\u00e9es personnelles que nous poss\u00e9dons \u00e0 votre sujet, incluant celles que vous nous avez fournies. Vous pouvez \u00e9galement demander la suppression des donn\u00e9es personnelles vous concernant. Cela ne prend pas en compte les donn\u00e9es stock\u00e9es \u00e0 des fins administratives, l\u00e9gales ou pour des raisons de s\u00e9curit\u00e9.<\/p>\n<h1>11 &#8211; Transmission de vos donn\u00e9es personnelles<\/h1>\n<p>Les commentaires des visiteurs peuvent \u00eatre v\u00e9rifi\u00e9s \u00e0 l\u2019aide d\u2019un service automatis\u00e9 de d\u00e9tection des commentaires ind\u00e9sirables.<\/p>\t\t\t\t\t<\/div>\n\t\t\t\t\t\t<\/div>\n\t\t\t\t<\/div>\n\t\t\t\t\t\t<\/div>\n\t\t\t\t\t<\/div>\n\t\t<\/div>\n\t\t\t\t\t\t\t\t<\/div>\n\t\t\t\t\t<\/div>\n\t\t<\/section>\n\t\t\t\t\t\t<\/div>\n\t\t\t\t\t\t<\/div>\n\t\t\t\t\t<\/div>\n\t\t","protected":false},"excerpt":{"rendered":"1 &#8211; \u00c9dition du site En vertu de&nbsp;l&rsquo;article 6 de la loi n\u00b0 2004-575 du 21 juin 2004&nbsp;pour la confiance dans l&rsquo;\u00e9conomie num\u00e9rique, il est pr\u00e9cis\u00e9 aux utilisateurs du site internet&nbsp;https:\/\/rjelec22.com&nbsp;l&rsquo;identit\u00e9 des diff\u00e9rents intervenants dans le cadre de sa r\u00e9alisation et de son suivi: Propri\u00e9taire du site :&nbsp;Jimmy Resche &#8211; RJ ELEC &#8211; Contact :&#8230;","protected":false},"author":1,"featured_media":0,"parent":0,"menu_order":0,"comment_status":"closed","ping_status":"open","template":"","meta":{"footnotes":""},"class_list":["post-3","page","type-page","status-publish","hentry"],"yoast_head":"<!-- This site is optimized with the Yoast SEO plugin v27.3 - https:\/\/yoast.com\/product\/yoast-seo-wordpress\/ -->\n<title>Mentions l\u00e9gales et politique de confidentialit\u00e9 - RJ Elec<\/title>\n<meta name=\"robots\" content=\"index, follow, max-snippet:-1, max-image-preview:large, max-video-preview:-1\" \/>\n<link rel=\"canonical\" href=\"https:\/\/rjelec22.com\/?page_id=3\" \/>\n<meta property=\"og:locale\" content=\"fr_FR\" \/>\n<meta property=\"og:type\" content=\"article\" \/>\n<meta property=\"og:title\" content=\"Mentions l\u00e9gales et politique de confidentialit\u00e9 - RJ Elec\" \/>\n<meta property=\"og:description\" content=\"1 &#8211; \u00c9dition du site En vertu de&nbsp;l&rsquo;article 6 de la loi n\u00b0 2004-575 du 21 juin 2004&nbsp;pour la confiance dans l&rsquo;\u00e9conomie num\u00e9rique, il est pr\u00e9cis\u00e9 aux utilisateurs du site internet&nbsp;https:\/\/rjelec22.com&nbsp;l&rsquo;identit\u00e9 des diff\u00e9rents intervenants dans le cadre de sa r\u00e9alisation et de son suivi: Propri\u00e9taire du site :&nbsp;Jimmy Resche &#8211; RJ ELEC &#8211; Contact :...\" \/>\n<meta property=\"og:url\" content=\"https:\/\/rjelec22.com\/?page_id=3\" \/>\n<meta property=\"og:site_name\" content=\"RJ Elec\" \/>\n<meta property=\"article:publisher\" content=\"https:\/\/www.facebook.com\/RJELEC22\" \/>\n<meta property=\"article:modified_time\" content=\"2021-01-20T17:50:06+00:00\" \/>\n<meta name=\"twitter:card\" content=\"summary_large_image\" \/>\n<meta name=\"twitter:label1\" content=\"Dur\u00e9e de lecture estim\u00e9e\" \/>\n\t<meta name=\"twitter:data1\" content=\"7 minutes\" \/>\n<script type=\"application\/ld+json\" class=\"yoast-schema-graph\">{\"@context\":\"https:\\\/\\\/schema.org\",\"@graph\":[{\"@type\":\"WebPage\",\"@id\":\"https:\\\/\\\/rjelec22.com\\\/?page_id=3\",\"url\":\"https:\\\/\\\/rjelec22.com\\\/?page_id=3\",\"name\":\"Mentions l\u00e9gales et politique de confidentialit\u00e9 - RJ Elec\",\"isPartOf\":{\"@id\":\"https:\\\/\\\/rjelec22.com\\\/#website\"},\"datePublished\":\"2020-12-07T10:05:46+00:00\",\"dateModified\":\"2021-01-20T17:50:06+00:00\",\"breadcrumb\":{\"@id\":\"https:\\\/\\\/rjelec22.com\\\/?page_id=3#breadcrumb\"},\"inLanguage\":\"fr-FR\",\"potentialAction\":[{\"@type\":\"ReadAction\",\"target\":[\"https:\\\/\\\/rjelec22.com\\\/?page_id=3\"]}]},{\"@type\":\"BreadcrumbList\",\"@id\":\"https:\\\/\\\/rjelec22.com\\\/?page_id=3#breadcrumb\",\"itemListElement\":[{\"@type\":\"ListItem\",\"position\":1,\"name\":\"Accueil\",\"item\":\"https:\\\/\\\/rjelec22.com\\\/\"},{\"@type\":\"ListItem\",\"position\":2,\"name\":\"Mentions l\u00e9gales et politique de confidentialit\u00e9\"}]},{\"@type\":\"WebSite\",\"@id\":\"https:\\\/\\\/rjelec22.com\\\/#website\",\"url\":\"https:\\\/\\\/rjelec22.com\\\/\",\"name\":\"RJ Elec\",\"description\":\"RJ Elec\",\"publisher\":{\"@id\":\"https:\\\/\\\/rjelec22.com\\\/#organization\"},\"potentialAction\":[{\"@type\":\"SearchAction\",\"target\":{\"@type\":\"EntryPoint\",\"urlTemplate\":\"https:\\\/\\\/rjelec22.com\\\/?s={search_term_string}\"},\"query-input\":{\"@type\":\"PropertyValueSpecification\",\"valueRequired\":true,\"valueName\":\"search_term_string\"}}],\"inLanguage\":\"fr-FR\"},{\"@type\":\"Organization\",\"@id\":\"https:\\\/\\\/rjelec22.com\\\/#organization\",\"name\":\"Rj Elec\",\"url\":\"https:\\\/\\\/rjelec22.com\\\/\",\"logo\":{\"@type\":\"ImageObject\",\"inLanguage\":\"fr-FR\",\"@id\":\"https:\\\/\\\/rjelec22.com\\\/#\\\/schema\\\/logo\\\/image\\\/\",\"url\":\"https:\\\/\\\/rjelec22.com\\\/wp-content\\\/uploads\\\/2020\\\/12\\\/cropped-rjelec_vectrvb_black-compress.png\",\"contentUrl\":\"https:\\\/\\\/rjelec22.com\\\/wp-content\\\/uploads\\\/2020\\\/12\\\/cropped-rjelec_vectrvb_black-compress.png\",\"width\":512,\"height\":512,\"caption\":\"Rj Elec\"},\"image\":{\"@id\":\"https:\\\/\\\/rjelec22.com\\\/#\\\/schema\\\/logo\\\/image\\\/\"},\"sameAs\":[\"https:\\\/\\\/www.facebook.com\\\/RJELEC22\",\"https:\\\/\\\/www.instagram.com\\\/rjelec\\\/\"]}]}<\/script>\n<!-- \/ Yoast SEO plugin. -->","yoast_head_json":{"title":"Mentions l\u00e9gales et politique de confidentialit\u00e9 - RJ Elec","robots":{"index":"index","follow":"follow","max-snippet":"max-snippet:-1","max-image-preview":"max-image-preview:large","max-video-preview":"max-video-preview:-1"},"canonical":"https:\/\/rjelec22.com\/?page_id=3","og_locale":"fr_FR","og_type":"article","og_title":"Mentions l\u00e9gales et politique de confidentialit\u00e9 - RJ Elec","og_description":"1 &#8211; \u00c9dition du site En vertu de&nbsp;l&rsquo;article 6 de la loi n\u00b0 2004-575 du 21 juin 2004&nbsp;pour la confiance dans l&rsquo;\u00e9conomie num\u00e9rique, il est pr\u00e9cis\u00e9 aux utilisateurs du site internet&nbsp;https:\/\/rjelec22.com&nbsp;l&rsquo;identit\u00e9 des diff\u00e9rents intervenants dans le cadre de sa r\u00e9alisation et de son suivi: Propri\u00e9taire du site :&nbsp;Jimmy Resche &#8211; RJ ELEC &#8211; Contact :...","og_url":"https:\/\/rjelec22.com\/?page_id=3","og_site_name":"RJ Elec","article_publisher":"https:\/\/www.facebook.com\/RJELEC22","article_modified_time":"2021-01-20T17:50:06+00:00","twitter_card":"summary_large_image","twitter_misc":{"Dur\u00e9e de lecture estim\u00e9e":"7 minutes"},"schema":{"@context":"https:\/\/schema.org","@graph":[{"@type":"WebPage","@id":"https:\/\/rjelec22.com\/?page_id=3","url":"https:\/\/rjelec22.com\/?page_id=3","name":"Mentions l\u00e9gales et politique de confidentialit\u00e9 - RJ Elec","isPartOf":{"@id":"https:\/\/rjelec22.com\/#website"},"datePublished":"2020-12-07T10:05:46+00:00","dateModified":"2021-01-20T17:50:06+00:00","breadcrumb":{"@id":"https:\/\/rjelec22.com\/?page_id=3#breadcrumb"},"inLanguage":"fr-FR","potentialAction":[{"@type":"ReadAction","target":["https:\/\/rjelec22.com\/?page_id=3"]}]},{"@type":"BreadcrumbList","@id":"https:\/\/rjelec22.com\/?page_id=3#breadcrumb","itemListElement":[{"@type":"ListItem","position":1,"name":"Accueil","item":"https:\/\/rjelec22.com\/"},{"@type":"ListItem","position":2,"name":"Mentions l\u00e9gales et politique de confidentialit\u00e9"}]},{"@type":"WebSite","@id":"https:\/\/rjelec22.com\/#website","url":"https:\/\/rjelec22.com\/","name":"RJ Elec","description":"RJ Elec","publisher":{"@id":"https:\/\/rjelec22.com\/#organization"},"potentialAction":[{"@type":"SearchAction","target":{"@type":"EntryPoint","urlTemplate":"https:\/\/rjelec22.com\/?s={search_term_string}"},"query-input":{"@type":"PropertyValueSpecification","valueRequired":true,"valueName":"search_term_string"}}],"inLanguage":"fr-FR"},{"@type":"Organization","@id":"https:\/\/rjelec22.com\/#organization","name":"Rj Elec","url":"https:\/\/rjelec22.com\/","logo":{"@type":"ImageObject","inLanguage":"fr-FR","@id":"https:\/\/rjelec22.com\/#\/schema\/logo\/image\/","url":"https:\/\/rjelec22.com\/wp-content\/uploads\/2020\/12\/cropped-rjelec_vectrvb_black-compress.png","contentUrl":"https:\/\/rjelec22.com\/wp-content\/uploads\/2020\/12\/cropped-rjelec_vectrvb_black-compress.png","width":512,"height":512,"caption":"Rj Elec"},"image":{"@id":"https:\/\/rjelec22.com\/#\/schema\/logo\/image\/"},"sameAs":["https:\/\/www.facebook.com\/RJELEC22","https:\/\/www.instagram.com\/rjelec\/"]}]}},"_links":{"self":[{"href":"https:\/\/rjelec22.com\/index.php?rest_route=\/wp\/v2\/pages\/3","targetHints":{"allow":["GET"]}}],"collection":[{"href":"https:\/\/rjelec22.com\/index.php?rest_route=\/wp\/v2\/pages"}],"about":[{"href":"https:\/\/rjelec22.com\/index.php?rest_route=\/wp\/v2\/types\/page"}],"author":[{"embeddable":true,"href":"https:\/\/rjelec22.com\/index.php?rest_route=\/wp\/v2\/users\/1"}],"replies":[{"embeddable":true,"href":"https:\/\/rjelec22.com\/index.php?rest_route=%2Fwp%2Fv2%2Fcomments&post=3"}],"version-history":[{"count":37,"href":"https:\/\/rjelec22.com\/index.php?rest_route=\/wp\/v2\/pages\/3\/revisions"}],"predecessor-version":[{"id":2085,"href":"https:\/\/rjelec22.com\/index.php?rest_route=\/wp\/v2\/pages\/3\/revisions\/2085"}],"wp:attachment":[{"href":"https:\/\/rjelec22.com\/index.php?rest_route=%2Fwp%2Fv2%2Fmedia&parent=3"}],"curies":[{"name":"wp","href":"https:\/\/api.w.org\/{rel}","templated":true}]}}